{"id":10435,"date":"2025-04-11T21:21:51","date_gmt":"2025-04-11T21:21:51","guid":{"rendered":"https:\/\/foia.ma\/_\/?page_id=10435"},"modified":"2025-04-11T21:21:51","modified_gmt":"2025-04-11T21:21:51","slug":"cyberdrill","status":"publish","type":"page","link":"https:\/\/foia.ma\/_\/cyberdrill\/","title":{"rendered":"Comp\u00e9tition en Cyber S\u00e9curit\u00e9"},"content":{"rendered":"<p><iframe src=\"https:\/\/forms.office.com\/e\/hmLKxAYwVT?embedded=true\" width=\"1200\" height=\"800\" frameborder=\"0\" marginwidth=\"0\" marginheight=\"0\">Chargement\u2026<\/iframe><\/p>\n","protected":false},"excerpt":{"rendered":"<p>Chargement\u2026<\/p>\n","protected":false},"author":6,"featured_media":0,"parent":0,"menu_order":0,"comment_status":"closed","ping_status":"closed","template":"","meta":{"om_disable_all_campaigns":false,"_monsterinsights_skip_tracking":false,"_monsterinsights_sitenote_active":false,"_monsterinsights_sitenote_note":"","_monsterinsights_sitenote_category":0},"aioseo_notices":[],"_links":{"self":[{"href":"https:\/\/foia.ma\/_\/wp-json\/wp\/v2\/pages\/10435"}],"collection":[{"href":"https:\/\/foia.ma\/_\/wp-json\/wp\/v2\/pages"}],"about":[{"href":"https:\/\/foia.ma\/_\/wp-json\/wp\/v2\/types\/page"}],"author":[{"embeddable":true,"href":"https:\/\/foia.ma\/_\/wp-json\/wp\/v2\/users\/6"}],"replies":[{"embeddable":true,"href":"https:\/\/foia.ma\/_\/wp-json\/wp\/v2\/comments?post=10435"}],"version-history":[{"count":2,"href":"https:\/\/foia.ma\/_\/wp-json\/wp\/v2\/pages\/10435\/revisions"}],"predecessor-version":[{"id":10437,"href":"https:\/\/foia.ma\/_\/wp-json\/wp\/v2\/pages\/10435\/revisions\/10437"}],"wp:attachment":[{"href":"https:\/\/foia.ma\/_\/wp-json\/wp\/v2\/media?parent=10435"}],"curies":[{"name":"wp","href":"https:\/\/api.w.org\/{rel}","templated":true}]}}